{"id":36,"date":"2021-09-01T04:02:35","date_gmt":"2021-09-01T04:02:35","guid":{"rendered":"https:\/\/grupoodonto.ar\/?page_id=36"},"modified":"2025-10-22T19:41:33","modified_gmt":"2025-10-22T19:41:33","slug":"ortodoncia","status":"publish","type":"page","link":"https:\/\/grupoodonto.ar\/index.php\/ortodoncia\/","title":{"rendered":"Ortodoncia"},"content":{"rendered":"\t\t<div data-elementor-type=\"wp-page\" data-elementor-id=\"36\" class=\"elementor elementor-36\" data-elementor-settings=\"{&quot;ha_cmc_init_switcher&quot;:&quot;no&quot;}\" data-elementor-post-type=\"page\">\n\t\t\t\t\t\t<section class=\"elementor-section elementor-top-section elementor-element elementor-element-6df4481d elementor-section-height-min-height animated-slow elementor-section-boxed elementor-section-height-default elementor-section-items-middle elementor-invisible\" data-id=\"6df4481d\" data-element_type=\"section\" data-settings=\"{&quot;background_background&quot;:&quot;classic&quot;,&quot;animation&quot;:&quot;fadeIn&quot;,&quot;shape_divider_bottom&quot;:&quot;opacity-tilt&quot;,&quot;_ha_eqh_enable&quot;:false}\">\n\t\t\t\t\t\t\t<div class=\"elementor-background-overlay\"><\/div>\n\t\t\t\t\t\t<div class=\"elementor-shape elementor-shape-bottom\" aria-hidden=\"true\" data-negative=\"false\">\n\t\t\t<svg xmlns=\"http:\/\/www.w3.org\/2000\/svg\" viewBox=\"0 0 2600 131.1\" preserveAspectRatio=\"none\">\n\t<path class=\"elementor-shape-fill\" d=\"M0 0L2600 0 2600 69.1 0 0z\"\/>\n\t<path class=\"elementor-shape-fill\" style=\"opacity:0.5\" d=\"M0 0L2600 0 2600 69.1 0 69.1z\"\/>\n\t<path class=\"elementor-shape-fill\" style=\"opacity:0.25\" d=\"M2600 0L0 0 0 130.1 2600 69.1z\"\/>\n<\/svg>\t\t<\/div>\n\t\t\t\t\t<div class=\"elementor-container elementor-column-gap-default\">\n\t\t\t\t\t<div class=\"elementor-column elementor-col-100 elementor-top-column elementor-element elementor-element-124f2cea\" data-id=\"124f2cea\" data-element_type=\"column\">\n\t\t\t<div class=\"elementor-widget-wrap elementor-element-populated\">\n\t\t\t\t\t\t<section class=\"elementor-section elementor-inner-section elementor-element elementor-element-375682cd elementor-section-boxed elementor-section-height-default elementor-section-height-default elementor-invisible\" data-id=\"375682cd\" data-element_type=\"section\" data-settings=\"{&quot;animation&quot;:&quot;fadeIn&quot;,&quot;animation_delay&quot;:400,&quot;_ha_eqh_enable&quot;:false}\">\n\t\t\t\t\t\t<div class=\"elementor-container elementor-column-gap-default\">\n\t\t\t\t\t<div class=\"elementor-column elementor-col-100 elementor-inner-column elementor-element elementor-element-481c67fe\" data-id=\"481c67fe\" data-element_type=\"column\">\n\t\t\t<div class=\"elementor-widget-wrap elementor-element-populated\">\n\t\t\t\t\t\t<div class=\"elementor-element elementor-element-c43bb75 elementor-widget elementor-widget-spacer\" data-id=\"c43bb75\" data-element_type=\"widget\" data-widget_type=\"spacer.default\">\n\t\t\t\t<div class=\"elementor-widget-container\">\n\t\t\t\t\t\t\t<div class=\"elementor-spacer\">\n\t\t\t<div class=\"elementor-spacer-inner\"><\/div>\n\t\t<\/div>\n\t\t\t\t\t\t<\/div>\n\t\t\t\t<\/div>\n\t\t\t\t<div class=\"elementor-element elementor-element-4c6d9ac8 elementor-widget elementor-widget-heading\" data-id=\"4c6d9ac8\" data-element_type=\"widget\" data-widget_type=\"heading.default\">\n\t\t\t\t<div class=\"elementor-widget-container\">\n\t\t\t\t\t<h2 class=\"elementor-heading-title elementor-size-default\">Ortodoncia<\/h2>\t\t\t\t<\/div>\n\t\t\t\t<\/div>\n\t\t\t\t<div class=\"elementor-element elementor-element-10822754 elementor-widget elementor-widget-text-editor\" data-id=\"10822754\" data-element_type=\"widget\" data-widget_type=\"text-editor.default\">\n\t\t\t\t<div class=\"elementor-widget-container\">\n\t\t\t\t\t\t\t\t\t<p>Corrige la posici\u00f3n de los dientes para tener una sonrisa bonita y mejorar tu forma de masticar.<\/p>\t\t\t\t\t\t\t\t<\/div>\n\t\t\t\t<\/div>\n\t\t\t\t\t<\/div>\n\t\t<\/div>\n\t\t\t\t\t<\/div>\n\t\t<\/section>\n\t\t\t\t\t<\/div>\n\t\t<\/div>\n\t\t\t\t\t<\/div>\n\t\t<\/section>\n\t\t\t\t<section class=\"elementor-section elementor-top-section elementor-element elementor-element-16a2f9e elementor-section-boxed elementor-section-height-default elementor-section-height-default\" data-id=\"16a2f9e\" data-element_type=\"section\" data-settings=\"{&quot;_ha_eqh_enable&quot;:false}\">\n\t\t\t\t\t\t<div class=\"elementor-container elementor-column-gap-default\">\n\t\t\t\t\t<div class=\"elementor-column elementor-col-100 elementor-top-column elementor-element elementor-element-fc6c82e\" data-id=\"fc6c82e\" data-element_type=\"column\">\n\t\t\t<div class=\"elementor-widget-wrap elementor-element-populated\">\n\t\t\t\t\t\t<div class=\"elementor-element elementor-element-f4da897 elementor-widget elementor-widget-spacer\" data-id=\"f4da897\" data-element_type=\"widget\" data-widget_type=\"spacer.default\">\n\t\t\t\t<div class=\"elementor-widget-container\">\n\t\t\t\t\t\t\t<div class=\"elementor-spacer\">\n\t\t\t<div class=\"elementor-spacer-inner\"><\/div>\n\t\t<\/div>\n\t\t\t\t\t\t<\/div>\n\t\t\t\t<\/div>\n\t\t\t\t\t<\/div>\n\t\t<\/div>\n\t\t\t\t\t<\/div>\n\t\t<\/section>\n\t\t\t\t<section class=\"elementor-section elementor-top-section elementor-element elementor-element-68125b7 elementor-section-boxed elementor-section-height-default elementor-section-height-default\" data-id=\"68125b7\" data-element_type=\"section\" data-settings=\"{&quot;_ha_eqh_enable&quot;:false}\">\n\t\t\t\t\t\t<div class=\"elementor-container elementor-column-gap-default\">\n\t\t\t\t\t<div class=\"elementor-column elementor-col-50 elementor-top-column elementor-element elementor-element-e59f498\" data-id=\"e59f498\" data-element_type=\"column\">\n\t\t\t<div class=\"elementor-widget-wrap elementor-element-populated\">\n\t\t\t\t\t\t<div class=\"elementor-element elementor-element-b293cc3 elementor-widget elementor-widget-heading\" data-id=\"b293cc3\" data-element_type=\"widget\" data-widget_type=\"heading.default\">\n\t\t\t\t<div class=\"elementor-widget-container\">\n\t\t\t\t\t<h2 class=\"elementor-heading-title elementor-size-default\">\u00bfQu\u00e9 es ortodoncia?\n<\/h2>\t\t\t\t<\/div>\n\t\t\t\t<\/div>\n\t\t\t\t<div class=\"elementor-element elementor-element-978faed elementor-widget elementor-widget-text-editor\" data-id=\"978faed\" data-element_type=\"widget\" data-widget_type=\"text-editor.default\">\n\t\t\t\t<div class=\"elementor-widget-container\">\n\t\t\t\t\t\t\t\t\t<p><strong>La ortodoncia es una rama de la odontolog\u00eda que estudia, previene y corrige problemas dentales como desviaci\u00f3n en la posici\u00f3n de los dientes, api\u00f1amientos o diastemas\u00a0<\/strong>(espacios entre los dientes)<\/p>\t\t\t\t\t\t\t\t<\/div>\n\t\t\t\t<\/div>\n\t\t\t\t\t<\/div>\n\t\t<\/div>\n\t\t\t\t<div class=\"elementor-column elementor-col-50 elementor-top-column elementor-element elementor-element-7e001be\" data-id=\"7e001be\" data-element_type=\"column\">\n\t\t\t<div class=\"elementor-widget-wrap elementor-element-populated\">\n\t\t\t\t\t\t<div class=\"elementor-element elementor-element-4363cf2 elementor-widget elementor-widget-text-editor\" data-id=\"4363cf2\" data-element_type=\"widget\" data-widget_type=\"text-editor.default\">\n\t\t\t\t<div class=\"elementor-widget-container\">\n\t\t\t\t\t\t\t\t\t<p>\u00a0la forma de las arcadas dentales o problemas de mordida, para restablecer el equilibrio entre la forma y funci\u00f3n de la boca mejorando tambi\u00e9n la est\u00e9tica facial. \u00a0 \u00a0\u00a0<\/p><p>Adem\u00e1s, la ortodoncia se enfrenta a problemas mayores como la correcci\u00f3n de alteraciones en la mand\u00edbula, el maxilar superior o incluso la cara y especialmente trastornos funcionales de la masticaci\u00f3n.\u00a0<\/p>\t\t\t\t\t\t\t\t<\/div>\n\t\t\t\t<\/div>\n\t\t\t\t\t<\/div>\n\t\t<\/div>\n\t\t\t\t\t<\/div>\n\t\t<\/section>\n\t\t\t\t<section class=\"elementor-section elementor-top-section elementor-element elementor-element-ca28620 elementor-section-boxed elementor-section-height-default elementor-section-height-default\" data-id=\"ca28620\" data-element_type=\"section\" data-settings=\"{&quot;_ha_eqh_enable&quot;:false}\">\n\t\t\t\t\t\t<div class=\"elementor-container elementor-column-gap-default\">\n\t\t\t\t\t<div class=\"elementor-column elementor-col-100 elementor-top-column elementor-element elementor-element-eb5a81f\" data-id=\"eb5a81f\" data-element_type=\"column\">\n\t\t\t<div class=\"elementor-widget-wrap elementor-element-populated\">\n\t\t\t\t\t\t<div class=\"elementor-element elementor-element-90c691e elementor-widget elementor-widget-heading\" data-id=\"90c691e\" data-element_type=\"widget\" data-widget_type=\"heading.default\">\n\t\t\t\t<div class=\"elementor-widget-container\">\n\t\t\t\t\t<h2 class=\"elementor-heading-title elementor-size-default\">Tipos de ortodoncia\n<\/h2>\t\t\t\t<\/div>\n\t\t\t\t<\/div>\n\t\t\t\t<div class=\"elementor-element elementor-element-8143ed8 elementor-widget elementor-widget-text-editor\" data-id=\"8143ed8\" data-element_type=\"widget\" data-widget_type=\"text-editor.default\">\n\t\t\t\t<div class=\"elementor-widget-container\">\n\t\t\t\t\t\t\t\t\t<p>O<b>rtodoncia Convencional (Brackets):<\/b><\/p>\n<p>La ortodoncia convencional utiliza brackets adheridos a la superficie de los dientes y conectados por un arco met\u00e1lico. Este sistema aplica fuerzas controladas que permiten mover los dientes de manera gradual hasta alcanzar una alineaci\u00f3n correcta.<br>Existen diferentes tipos de brackets, como los met\u00e1licos, cer\u00e1micos o autoligables, que var\u00edan en material y est\u00e9tica.<br>Es un tratamiento muy efectivo en casos complejos de maloclusi\u00f3n o desalineaci\u00f3n, ya que ofrece un alto control del movimiento dental. Sin embargo, puede resultar menos est\u00e9tico y requiere una buena higiene bucal durante todo el proceso.<\/p>\n<p><b>Ortodoncia Removible (Alineadores):<\/b><\/p>\n<p>La ortodoncia removible se basa en el uso de alineadores transparentes, confeccionados a medida a partir de escaneos digitales. Estos alineadores se cambian cada cierto tiempo para producir movimientos progresivos en los dientes.<br>Son removibles, lo que facilita la higiene y permite comer sin restricciones, y su principal ventaja es la est\u00e9tica, ya que son pr\u00e1cticamente invisibles. Su eficacia depende del uso constante por parte del paciente (entre 20 y 22 horas diarias). Se recomienda principalmente en casos leves a moderados de desalineaci\u00f3n dental.<\/p>\n<p><b>Detecci\u00f3n Temprana de Maloclusiones (Ortopedia Dentomaxilar):<\/b><\/p>\n<p><span style=\"font-style: inherit; font-weight: inherit;\">La ortopedia dentomaxilar se aplica durante la infancia y tiene como objetivo detectar y corregir tempranamente alteraciones en el crecimiento de los maxilares y la mordida.&nbsp;<\/span><span style=\"font-style: inherit; font-weight: inherit;\">Utiliza aparatos ortop\u00e9dicos, fijos o removibles, que gu\u00edan el desarrollo \u00f3seo y ayudan a corregir h\u00e1bitos orales inadecuados, como la respiraci\u00f3n bucal o la succi\u00f3n del dedo.&nbsp;<\/span><span style=\"font-style: inherit; font-weight: inherit;\">Este tipo de tratamiento es preventivo: busca evitar que las maloclusiones se agraven con el crecimiento, facilitando luego un tratamiento ortod\u00f3ncico m\u00e1s simple o incluso evitando su necesidad.<\/span><\/p>\t\t\t\t\t\t\t\t<\/div>\n\t\t\t\t<\/div>\n\t\t\t\t\t<\/div>\n\t\t<\/div>\n\t\t\t\t\t<\/div>\n\t\t<\/section>\n\t\t\t\t<\/div>\n\t\t","protected":false},"excerpt":{"rendered":"<p>Ortodoncia Corrige la posici\u00f3n de los dientes para tener una sonrisa bonita y mejorar tu forma de masticar. \u00bfQu\u00e9 es ortodoncia? La ortodoncia es una rama de la odontolog\u00eda que estudia, previene y corrige problemas dentales como desviaci\u00f3n en la posici\u00f3n de los dientes, api\u00f1amientos o diastemas\u00a0(espacios entre los dientes) \u00a0la forma de las arcadas [&hellip;]<\/p>\n","protected":false},"author":1,"featured_media":0,"parent":0,"menu_order":0,"comment_status":"closed","ping_status":"closed","template":"","meta":{"site-sidebar-layout":"no-sidebar","site-content-layout":"page-builder","ast-site-content-layout":"","site-content-style":"default","site-sidebar-style":"default","ast-global-header-display":"","ast-banner-title-visibility":"","ast-main-header-display":"","ast-hfb-above-header-display":"","ast-hfb-below-header-display":"","ast-hfb-mobile-header-display":"","site-post-title":"disabled","ast-breadcrumbs-content":"","ast-featured-img":"disabled","footer-sml-layout":"disabled","theme-transparent-header-meta":"default","adv-header-id-meta":"","stick-header-meta":"","header-above-stick-meta":"","header-main-stick-meta":"","header-below-stick-meta":"","astra-migrate-meta-layouts":"default","ast-page-background-enabled":"default","ast-page-background-meta":{"desktop":{"background-color":"var(--ast-global-color-4)","background-image":"","background-repeat":"repeat","background-position":"center center","background-size":"auto","background-attachment":"scroll","background-type":"","background-media":"","overlay-type":"","overlay-color":"","overlay-opacity":"","overlay-gradient":""},"tablet":{"background-color":"","background-image":"","background-repeat":"repeat","background-position":"center center","background-size":"auto","background-attachment":"scroll","background-type":"","background-media":"","overlay-type":"","overlay-color":"","overlay-opacity":"","overlay-gradient":""},"mobile":{"background-color":"","background-image":"","background-repeat":"repeat","background-position":"center center","background-size":"auto","background-attachment":"scroll","background-type":"","background-media":"","overlay-type":"","overlay-color":"","overlay-opacity":"","overlay-gradient":""}},"ast-content-background-meta":{"desktop":{"background-color":"var(--ast-global-color-5)","background-image":"","background-repeat":"repeat","background-position":"center center","background-size":"auto","background-attachment":"scroll","background-type":"","background-media":"","overlay-type":"","overlay-color":"","overlay-opacity":"","overlay-gradient":""},"tablet":{"background-color":"var(--ast-global-color-5)","background-image":"","background-repeat":"repeat","background-position":"center center","background-size":"auto","background-attachment":"scroll","background-type":"","background-media":"","overlay-type":"","overlay-color":"","overlay-opacity":"","overlay-gradient":""},"mobile":{"background-color":"var(--ast-global-color-5)","background-image":"","background-repeat":"repeat","background-position":"center center","background-size":"auto","background-attachment":"scroll","background-type":"","background-media":"","overlay-type":"","overlay-color":"","overlay-opacity":"","overlay-gradient":""}},"footnotes":""},"class_list":["post-36","page","type-page","status-publish","hentry"],"yoast_head":"<!-- This site is optimized with the Yoast SEO plugin v24.4 - https:\/\/yoast.com\/wordpress\/plugins\/seo\/ -->\n<title>Ortodoncia * Grupo Odonto \ud83e\uddb7<\/title>\n<meta name=\"description\" content=\"Encuentra los mejores tratamientos odontol\u00f3gicos y est\u00e9ticos para toda tu familia en Rosario, Santa Fe. Ofrecemos odontolog\u00eda general, pr\u00f3tesis, implantes, ortodoncia, cirug\u00eda maxilofacial, armonizaci\u00f3n orofacial, periodoncia, est\u00e9tica dental, cirug\u00edas y odontopediatr\u00eda. \u00a1Cuida tu salud dental con nosotros\" \/>\n<meta name=\"robots\" content=\"index, follow, max-snippet:-1, max-image-preview:large, max-video-preview:-1\" \/>\n<link rel=\"canonical\" href=\"https:\/\/grupoodonto.ar\/index.php\/ortodoncia\/\" \/>\n<meta property=\"og:locale\" content=\"es_ES\" \/>\n<meta property=\"og:type\" content=\"article\" \/>\n<meta property=\"og:title\" content=\"Ortodoncia * Grupo Odonto \ud83e\uddb7\" \/>\n<meta property=\"og:description\" content=\"Encuentra los mejores tratamientos odontol\u00f3gicos y est\u00e9ticos para toda tu familia en Rosario, Santa Fe. Ofrecemos odontolog\u00eda general, pr\u00f3tesis, implantes, ortodoncia, cirug\u00eda maxilofacial, armonizaci\u00f3n orofacial, periodoncia, est\u00e9tica dental, cirug\u00edas y odontopediatr\u00eda. \u00a1Cuida tu salud dental con nosotros\" \/>\n<meta property=\"og:url\" content=\"https:\/\/grupoodonto.ar\/index.php\/ortodoncia\/\" \/>\n<meta property=\"og:site_name\" content=\"Grupo Odonto\" \/>\n<meta property=\"article:publisher\" content=\"https:\/\/www.facebook.com\/grupoodon\" \/>\n<meta property=\"article:modified_time\" content=\"2025-10-22T19:41:33+00:00\" \/>\n<meta property=\"og:image\" content=\"https:\/\/grupoodonto.ar\/wp-content\/uploads\/2022\/05\/61.jpg\" \/>\n\t<meta property=\"og:image:width\" content=\"1200\" \/>\n\t<meta property=\"og:image:height\" content=\"650\" \/>\n\t<meta property=\"og:image:type\" content=\"image\/jpeg\" \/>\n<meta name=\"twitter:card\" content=\"summary_large_image\" \/>\n<meta name=\"twitter:label1\" content=\"Tiempo de lectura\" \/>\n\t<meta name=\"twitter:data1\" content=\"2 minutos\" \/>\n<script type=\"application\/ld+json\" class=\"yoast-schema-graph\">{\"@context\":\"https:\/\/schema.org\",\"@graph\":[{\"@type\":\"WebPage\",\"@id\":\"https:\/\/grupoodonto.ar\/index.php\/ortodoncia\/\",\"url\":\"https:\/\/grupoodonto.ar\/index.php\/ortodoncia\/\",\"name\":\"Ortodoncia * Grupo Odonto \ud83e\uddb7\",\"isPartOf\":{\"@id\":\"https:\/\/grupoodonto.ar\/#website\"},\"datePublished\":\"2021-09-01T04:02:35+00:00\",\"dateModified\":\"2025-10-22T19:41:33+00:00\",\"description\":\"Encuentra los mejores tratamientos odontol\u00f3gicos y est\u00e9ticos para toda tu familia en Rosario, Santa Fe. Ofrecemos odontolog\u00eda general, pr\u00f3tesis, implantes, ortodoncia, cirug\u00eda maxilofacial, armonizaci\u00f3n orofacial, periodoncia, est\u00e9tica dental, cirug\u00edas y odontopediatr\u00eda. \u00a1Cuida tu salud dental con nosotros\",\"breadcrumb\":{\"@id\":\"https:\/\/grupoodonto.ar\/index.php\/ortodoncia\/#breadcrumb\"},\"inLanguage\":\"es\",\"potentialAction\":[{\"@type\":\"ReadAction\",\"target\":[\"https:\/\/grupoodonto.ar\/index.php\/ortodoncia\/\"]}]},{\"@type\":\"BreadcrumbList\",\"@id\":\"https:\/\/grupoodonto.ar\/index.php\/ortodoncia\/#breadcrumb\",\"itemListElement\":[{\"@type\":\"ListItem\",\"position\":1,\"name\":\"Portada\",\"item\":\"https:\/\/grupoodonto.ar\/\"},{\"@type\":\"ListItem\",\"position\":2,\"name\":\"Ortodoncia\"}]},{\"@type\":\"WebSite\",\"@id\":\"https:\/\/grupoodonto.ar\/#website\",\"url\":\"https:\/\/grupoodonto.ar\/\",\"name\":\"Grupo Odonto\",\"description\":\"Grupo Odonto - Calidad a tu alcance\",\"publisher\":{\"@id\":\"https:\/\/grupoodonto.ar\/#organization\"},\"alternateName\":\"Odontologia Integral en Rosario Santa Fe\",\"potentialAction\":[{\"@type\":\"SearchAction\",\"target\":{\"@type\":\"EntryPoint\",\"urlTemplate\":\"https:\/\/grupoodonto.ar\/?s={search_term_string}\"},\"query-input\":{\"@type\":\"PropertyValueSpecification\",\"valueRequired\":true,\"valueName\":\"search_term_string\"}}],\"inLanguage\":\"es\"},{\"@type\":\"Organization\",\"@id\":\"https:\/\/grupoodonto.ar\/#organization\",\"name\":\"Grupo Odonto\",\"url\":\"https:\/\/grupoodonto.ar\/\",\"logo\":{\"@type\":\"ImageObject\",\"inLanguage\":\"es\",\"@id\":\"https:\/\/grupoodonto.ar\/#\/schema\/logo\/image\/\",\"url\":\"https:\/\/grupoodonto.ar\/wp-content\/uploads\/2021\/09\/cropped-Diseno-sin-titulo.png\",\"contentUrl\":\"https:\/\/grupoodonto.ar\/wp-content\/uploads\/2021\/09\/cropped-Diseno-sin-titulo.png\",\"width\":512,\"height\":512,\"caption\":\"Grupo Odonto\"},\"image\":{\"@id\":\"https:\/\/grupoodonto.ar\/#\/schema\/logo\/image\/\"},\"sameAs\":[\"https:\/\/www.facebook.com\/grupoodon\",\"https:\/\/www.instagram.com\/grupoodonto_ros\/\"]}]}<\/script>\n<!-- \/ Yoast SEO plugin. -->","yoast_head_json":{"title":"Ortodoncia * Grupo Odonto \ud83e\uddb7","description":"Encuentra los mejores tratamientos odontol\u00f3gicos y est\u00e9ticos para toda tu familia en Rosario, Santa Fe. Ofrecemos odontolog\u00eda general, pr\u00f3tesis, implantes, ortodoncia, cirug\u00eda maxilofacial, armonizaci\u00f3n orofacial, periodoncia, est\u00e9tica dental, cirug\u00edas y odontopediatr\u00eda. \u00a1Cuida tu salud dental con nosotros","robots":{"index":"index","follow":"follow","max-snippet":"max-snippet:-1","max-image-preview":"max-image-preview:large","max-video-preview":"max-video-preview:-1"},"canonical":"https:\/\/grupoodonto.ar\/index.php\/ortodoncia\/","og_locale":"es_ES","og_type":"article","og_title":"Ortodoncia * Grupo Odonto \ud83e\uddb7","og_description":"Encuentra los mejores tratamientos odontol\u00f3gicos y est\u00e9ticos para toda tu familia en Rosario, Santa Fe. Ofrecemos odontolog\u00eda general, pr\u00f3tesis, implantes, ortodoncia, cirug\u00eda maxilofacial, armonizaci\u00f3n orofacial, periodoncia, est\u00e9tica dental, cirug\u00edas y odontopediatr\u00eda. \u00a1Cuida tu salud dental con nosotros","og_url":"https:\/\/grupoodonto.ar\/index.php\/ortodoncia\/","og_site_name":"Grupo Odonto","article_publisher":"https:\/\/www.facebook.com\/grupoodon","article_modified_time":"2025-10-22T19:41:33+00:00","og_image":[{"width":1200,"height":650,"url":"https:\/\/grupoodonto.ar\/wp-content\/uploads\/2022\/05\/61.jpg","type":"image\/jpeg"}],"twitter_card":"summary_large_image","twitter_misc":{"Tiempo de lectura":"2 minutos"},"schema":{"@context":"https:\/\/schema.org","@graph":[{"@type":"WebPage","@id":"https:\/\/grupoodonto.ar\/index.php\/ortodoncia\/","url":"https:\/\/grupoodonto.ar\/index.php\/ortodoncia\/","name":"Ortodoncia * Grupo Odonto \ud83e\uddb7","isPartOf":{"@id":"https:\/\/grupoodonto.ar\/#website"},"datePublished":"2021-09-01T04:02:35+00:00","dateModified":"2025-10-22T19:41:33+00:00","description":"Encuentra los mejores tratamientos odontol\u00f3gicos y est\u00e9ticos para toda tu familia en Rosario, Santa Fe. Ofrecemos odontolog\u00eda general, pr\u00f3tesis, implantes, ortodoncia, cirug\u00eda maxilofacial, armonizaci\u00f3n orofacial, periodoncia, est\u00e9tica dental, cirug\u00edas y odontopediatr\u00eda. \u00a1Cuida tu salud dental con nosotros","breadcrumb":{"@id":"https:\/\/grupoodonto.ar\/index.php\/ortodoncia\/#breadcrumb"},"inLanguage":"es","potentialAction":[{"@type":"ReadAction","target":["https:\/\/grupoodonto.ar\/index.php\/ortodoncia\/"]}]},{"@type":"BreadcrumbList","@id":"https:\/\/grupoodonto.ar\/index.php\/ortodoncia\/#breadcrumb","itemListElement":[{"@type":"ListItem","position":1,"name":"Portada","item":"https:\/\/grupoodonto.ar\/"},{"@type":"ListItem","position":2,"name":"Ortodoncia"}]},{"@type":"WebSite","@id":"https:\/\/grupoodonto.ar\/#website","url":"https:\/\/grupoodonto.ar\/","name":"Grupo Odonto","description":"Grupo Odonto - Calidad a tu alcance","publisher":{"@id":"https:\/\/grupoodonto.ar\/#organization"},"alternateName":"Odontologia Integral en Rosario Santa Fe","potentialAction":[{"@type":"SearchAction","target":{"@type":"EntryPoint","urlTemplate":"https:\/\/grupoodonto.ar\/?s={search_term_string}"},"query-input":{"@type":"PropertyValueSpecification","valueRequired":true,"valueName":"search_term_string"}}],"inLanguage":"es"},{"@type":"Organization","@id":"https:\/\/grupoodonto.ar\/#organization","name":"Grupo Odonto","url":"https:\/\/grupoodonto.ar\/","logo":{"@type":"ImageObject","inLanguage":"es","@id":"https:\/\/grupoodonto.ar\/#\/schema\/logo\/image\/","url":"https:\/\/grupoodonto.ar\/wp-content\/uploads\/2021\/09\/cropped-Diseno-sin-titulo.png","contentUrl":"https:\/\/grupoodonto.ar\/wp-content\/uploads\/2021\/09\/cropped-Diseno-sin-titulo.png","width":512,"height":512,"caption":"Grupo Odonto"},"image":{"@id":"https:\/\/grupoodonto.ar\/#\/schema\/logo\/image\/"},"sameAs":["https:\/\/www.facebook.com\/grupoodon","https:\/\/www.instagram.com\/grupoodonto_ros\/"]}]}},"_links":{"self":[{"href":"https:\/\/grupoodonto.ar\/index.php\/wp-json\/wp\/v2\/pages\/36","targetHints":{"allow":["GET"]}}],"collection":[{"href":"https:\/\/grupoodonto.ar\/index.php\/wp-json\/wp\/v2\/pages"}],"about":[{"href":"https:\/\/grupoodonto.ar\/index.php\/wp-json\/wp\/v2\/types\/page"}],"author":[{"embeddable":true,"href":"https:\/\/grupoodonto.ar\/index.php\/wp-json\/wp\/v2\/users\/1"}],"replies":[{"embeddable":true,"href":"https:\/\/grupoodonto.ar\/index.php\/wp-json\/wp\/v2\/comments?post=36"}],"version-history":[{"count":10,"href":"https:\/\/grupoodonto.ar\/index.php\/wp-json\/wp\/v2\/pages\/36\/revisions"}],"predecessor-version":[{"id":2227,"href":"https:\/\/grupoodonto.ar\/index.php\/wp-json\/wp\/v2\/pages\/36\/revisions\/2227"}],"wp:attachment":[{"href":"https:\/\/grupoodonto.ar\/index.php\/wp-json\/wp\/v2\/media?parent=36"}],"curies":[{"name":"wp","href":"https:\/\/api.w.org\/{rel}","templated":true}]}}